{"id":5808,"date":"2024-10-17T10:10:33","date_gmt":"2024-10-17T10:10:33","guid":{"rendered":"https:\/\/itmax.ma\/?page_id=5808"},"modified":"2024-11-25T14:47:48","modified_gmt":"2024-11-25T14:47:48","slug":"assistance","status":"publish","type":"page","link":"https:\/\/itmax.ma\/index.php\/assistance\/","title":{"rendered":"Assistance"},"content":{"rendered":"\t\t<div data-elementor-type=\"wp-page\" data-elementor-id=\"5808\" class=\"elementor elementor-5808\">\n\t\t\t\t\t\t<section class=\"elementor-section elementor-top-section elementor-element elementor-element-5f9b125 elementor-section-stretched elementor-section-boxed elementor-section-height-default elementor-section-height-default\" data-id=\"5f9b125\" data-element_type=\"section\" data-e-type=\"section\" data-settings=\"{&quot;stretch_section&quot;:&quot;section-stretched&quot;}\">\n\t\t\t\t\t\t<div class=\"elementor-container elementor-column-gap-no\">\n\t\t\t\t\t<div class=\"elementor-column elementor-col-33 elementor-top-column elementor-element elementor-element-4e206fe\" data-id=\"4e206fe\" data-element_type=\"column\" data-e-type=\"column\">\n\t\t\t<div class=\"elementor-widget-wrap elementor-element-populated\">\n\t\t\t\t\t\t<section class=\"elementor-section elementor-inner-section elementor-element elementor-element-6b681ea0 elementor-section-height-min-height elementor-section-boxed elementor-section-height-default\" data-id=\"6b681ea0\" data-element_type=\"section\" data-e-type=\"section\" data-settings=\"{&quot;background_background&quot;:&quot;classic&quot;}\">\n\t\t\t\t\t\t<div class=\"elementor-container elementor-column-gap-no\">\n\t\t\t\t\t<div class=\"elementor-column elementor-col-100 elementor-inner-column elementor-element elementor-element-2d23bbb3\" data-id=\"2d23bbb3\" data-element_type=\"column\" data-e-type=\"column\">\n\t\t\t<div class=\"elementor-widget-wrap elementor-element-populated\">\n\t\t\t\t\t\t<div class=\"elementor-element elementor-element-595d7d0e elementor-nav-menu__align-left elementor-nav-menu--indicator-none elementor-widget elementor-widget-opal-nav-menu\" data-id=\"595d7d0e\" data-element_type=\"widget\" data-e-type=\"widget\" data-settings=\"{&quot;layout&quot;:&quot;vertical&quot;}\" data-widget_type=\"opal-nav-menu.default\">\n\t\t\t\t<div class=\"elementor-widget-container\">\n\t\t\t\t\t        <nav data-subMenusMinWidth=\"260\" data-subMenusMaxWidth=\"500\" class=\"elementor-nav-menu--main elementor-nav-menu__container elementor-nav-menu--layout-vertical e--pointer-dot e--animation-fade\">\n\t\t\t<ul id=\"menu-2-595d7d0e\" class=\"elementor-nav-menu\"><li class=\"menu-item menu-item-type-post_type menu-item-object-page menu-item-5745\"><a href=\"https:\/\/itmax.ma\/index.php\/about-us\/\" class=\"elementor-item\">Qui somme nous<\/a><\/li>\n<li class=\"menu-item menu-item-type-post_type menu-item-object-page menu-item-5744\"><a href=\"https:\/\/itmax.ma\/index.php\/nos-services\/\" class=\"elementor-item\">Nos services<\/a><\/li>\n<li class=\"menu-item menu-item-type-post_type menu-item-object-page menu-item-5735\"><a href=\"https:\/\/itmax.ma\/index.php\/madariss\/\" class=\"elementor-item\">Madariss<\/a><\/li>\n<li class=\"menu-item menu-item-type-post_type menu-item-object-page menu-item-5734\"><a href=\"https:\/\/itmax.ma\/index.php\/emadariss\/\" class=\"elementor-item\">eMadariss<\/a><\/li>\n<li class=\"menu-item menu-item-type-post_type menu-item-object-page menu-item-5733\"><a href=\"https:\/\/itmax.ma\/index.php\/emadariss-mobile\/\" class=\"elementor-item\">eMadariss Mobile<\/a><\/li>\n<li class=\"menu-item menu-item-type-post_type menu-item-object-page menu-item-5732\"><a href=\"https:\/\/itmax.ma\/index.php\/sms\/\" class=\"elementor-item\">SMS<\/a><\/li>\n<li class=\"menu-item menu-item-type-post_type menu-item-object-page menu-item-5749\"><a href=\"https:\/\/itmax.ma\/index.php\/mission-valeurs\/\" class=\"elementor-item\">Mission &#038; Valeurs<\/a><\/li>\n<li class=\"menu-item menu-item-type-post_type menu-item-object-page menu-item-5748\"><a href=\"https:\/\/itmax.ma\/index.php\/faqs\/\" class=\"elementor-item\">FAQs<\/a><\/li>\n<li class=\"menu-item menu-item-type-post_type menu-item-object-page menu-item-5747\"><a href=\"https:\/\/itmax.ma\/index.php\/contact\/\" class=\"elementor-item\">Contact<\/a><\/li>\n<\/ul>        <\/nav>\n\t\t\t\t\t\t<\/div>\n\t\t\t\t<\/div>\n\t\t\t\t\t<\/div>\n\t\t<\/div>\n\t\t\t\t\t<\/div>\n\t\t<\/section>\n\t\t\t\t<section class=\"elementor-section elementor-inner-section elementor-element elementor-element-fd2a640 elementor-section-boxed elementor-section-height-default elementor-section-height-default\" data-id=\"fd2a640\" data-element_type=\"section\" data-e-type=\"section\" data-settings=\"{&quot;background_background&quot;:&quot;classic&quot;}\">\n\t\t\t\t\t\t<div class=\"elementor-container elementor-column-gap-no\">\n\t\t\t\t\t<div class=\"elementor-column elementor-col-100 elementor-inner-column elementor-element elementor-element-2606d5f0\" data-id=\"2606d5f0\" data-element_type=\"column\" data-e-type=\"column\">\n\t\t\t<div class=\"elementor-widget-wrap elementor-element-populated\">\n\t\t\t\t\t\t<div class=\"elementor-element elementor-element-73fcb543 elementor-position-below elementor-widget elementor-widget-heading\" data-id=\"73fcb543\" data-element_type=\"widget\" data-e-type=\"widget\" data-widget_type=\"heading.default\">\n\t\t\t\t<div class=\"elementor-widget-container\">\n\t\t\t\t\t<div class=\"elementor-heading-wrapper\" ><div class=\"elementor-heading-wrapper-inner\"><h2 class=\"elementor-heading-title elementor-size-default\">Votre Guide Complet\n<\/h2><\/div><\/div>\t\t\t\t<\/div>\n\t\t\t\t<\/div>\n\t\t\t\t<div class=\"elementor-element elementor-element-7bb5b3f elementor-position-left elementor-view-default elementor-vertical-align-top elementor-widget elementor-widget-icon-box\" data-id=\"7bb5b3f\" data-element_type=\"widget\" data-e-type=\"widget\" data-widget_type=\"icon-box.default\">\n\t\t\t\t<div class=\"elementor-widget-container\">\n\t\t\t\t\t        <div class=\"elementor-icon-box-wrapper\">\n                            <div class=\"elementor-icon-box-icon\">\n                    <a class=\"elementor-icon elementor-animation-\" href=\"#\">\n                        <i class=\"opal-icon-it-consultancy-2\" aria-hidden=\"true\"><\/i>\n                    <\/a>\n                <\/div>\n            \n            <div class=\"elementor-icon-box-content\">\n                <div class=\"elementor-icon-header\">\n                                        <div class=\"elementor-icon-header-inner\">\n                        \n                        <h6 class=\"elementor-icon-box-title\">\n                            <a href=\"#\">\n                                Assistance                            <\/a>\n                        <\/h6>\n                    <\/div>\n                <\/div>\n                                    <p class=\"elementor-icon-box-description\"><a herf=\"#\">Besoin d'aide ? Cliquez ici <\/a><\/p>\n                             <\/div>\n                    <\/div>\n        \t\t\t\t<\/div>\n\t\t\t\t<\/div>\n\t\t\t\t<div class=\"elementor-element elementor-element-aab6a07 elementor-position-left elementor-view-default elementor-vertical-align-top elementor-widget elementor-widget-icon-box\" data-id=\"aab6a07\" data-element_type=\"widget\" data-e-type=\"widget\" data-widget_type=\"icon-box.default\">\n\t\t\t\t<div class=\"elementor-widget-container\">\n\t\t\t\t\t        <div class=\"elementor-icon-box-wrapper\">\n                            <div class=\"elementor-icon-box-icon\">\n                    <a class=\"elementor-icon elementor-animation-\" href=\"#\">\n                        <i class=\"opal-icon-quality-services\" aria-hidden=\"true\"><\/i>\n                    <\/a>\n                <\/div>\n            \n            <div class=\"elementor-icon-box-content\">\n                <div class=\"elementor-icon-header\">\n                                        <div class=\"elementor-icon-header-inner\">\n                        \n                        <h6 class=\"elementor-icon-box-title\">\n                            <a href=\"#\">\n                                Formation                            <\/a>\n                        <\/h6>\n                    <\/div>\n                <\/div>\n                                    <p class=\"elementor-icon-box-description\"><a herf=\"#\">Besoin d'aide ? Cliquez ici <\/a><\/p>\n                             <\/div>\n                    <\/div>\n        \t\t\t\t<\/div>\n\t\t\t\t<\/div>\n\t\t\t\t\t<\/div>\n\t\t<\/div>\n\t\t\t\t\t<\/div>\n\t\t<\/section>\n\t\t\t\t<section class=\"elementor-section elementor-inner-section elementor-element elementor-element-61f6bf18 elementor-section-height-min-height elementor-section-boxed elementor-section-height-default\" data-id=\"61f6bf18\" data-element_type=\"section\" data-e-type=\"section\" data-settings=\"{&quot;background_background&quot;:&quot;classic&quot;}\">\n\t\t\t\t\t\t<div class=\"elementor-container elementor-column-gap-no\">\n\t\t\t\t\t<div class=\"elementor-column elementor-col-100 elementor-inner-column elementor-element elementor-element-3ac40b3b\" data-id=\"3ac40b3b\" data-element_type=\"column\" data-e-type=\"column\">\n\t\t\t<div class=\"elementor-widget-wrap elementor-element-populated\">\n\t\t\t\t\t\t<div class=\"elementor-element elementor-element-12f56063 elementor-position-top elementor-widget elementor-widget-image-box\" data-id=\"12f56063\" data-element_type=\"widget\" data-e-type=\"widget\" data-widget_type=\"image-box.default\">\n\t\t\t\t<div class=\"elementor-widget-container\">\n\t\t\t\t\t<div class=\"elementor-image-box-wrapper\"><div class=\"elementor-image-framed\"><figure class=\"elementor-image-box-img\"><img decoding=\"async\" width=\"150\" height=\"150\" src=\"https:\/\/itmax.ma\/wp-content\/uploads\/2024\/10\/SUPPORT-02-150x150.jpg\" class=\"attachment-thumbnail size-thumbnail wp-image-5649\" alt=\"\" srcset=\"https:\/\/itmax.ma\/wp-content\/uploads\/2024\/10\/SUPPORT-02-150x150.jpg 150w, https:\/\/itmax.ma\/wp-content\/uploads\/2024\/10\/SUPPORT-02-100x100.jpg 100w\" sizes=\"(max-width: 150px) 100vw, 150px\" \/><\/figure><\/div><div class=\"elementor-image-box-content\"><h3 class=\"elementor-image-box-title\">Comment pouvons-nous vous aider?<\/h3><p class=\"elementor-image-box-description\">\n(+212) 537 68 60 47 <\/br>\n\n(+212) 537 77 09 17  <\/br>\n\n(+212) 537 77 95 81  <\/br>\n\n(+212) 661 14 54 71 <br\/>\nMail: Contact@itmax.ma<\/p><\/div><\/div>\t\t\t\t<\/div>\n\t\t\t\t<\/div>\n\t\t\t\t<div class=\"elementor-element elementor-element-14811b39 elementor-shape-circle elementor-social-custom elementor-widget elementor-widget-social-icons\" data-id=\"14811b39\" data-element_type=\"widget\" data-e-type=\"widget\" data-widget_type=\"social-icons.default\">\n\t\t\t\t<div class=\"elementor-widget-container\">\n\t\t\t\t\t\t\t<div class=\"elementor-social-icons-wrapper\">\n\t\t\t\t\t\t\t<a class=\"elementor-icon elementor-social-icon elementor-social-icon-facebook\" href=\"\" target=\"_blank\">\n\t\t\t\t\t<span class=\"elementor-screen-only\">Facebook<\/span>\n\t\t\t\t\t<i class=\"fa fa-facebook\"><\/i>\n\t\t\t\t<\/a>\n\t\t\t\t\t\t\t<a class=\"elementor-icon elementor-social-icon elementor-social-icon-twitter\" href=\"\" target=\"_blank\">\n\t\t\t\t\t<span class=\"elementor-screen-only\">Twitter<\/span>\n\t\t\t\t\t<i class=\"fa fa-twitter\"><\/i>\n\t\t\t\t<\/a>\n\t\t\t\t\t\t\t<a class=\"elementor-icon elementor-social-icon elementor-social-icon-instagram\" href=\"\" target=\"_blank\">\n\t\t\t\t\t<span class=\"elementor-screen-only\">Instagram<\/span>\n\t\t\t\t\t<i class=\"fa fa-instagram\"><\/i>\n\t\t\t\t<\/a>\n\t\t\t\t\t\t\t<a class=\"elementor-icon elementor-social-icon elementor-social-icon-linkedin\" href=\"\" target=\"_blank\">\n\t\t\t\t\t<span class=\"elementor-screen-only\">Linkedin<\/span>\n\t\t\t\t\t<i class=\"fa fa-linkedin\"><\/i>\n\t\t\t\t<\/a>\n\t\t\t\t\t<\/div>\n\t\t\t\t\t\t<\/div>\n\t\t\t\t<\/div>\n\t\t\t\t\t<\/div>\n\t\t<\/div>\n\t\t\t\t\t<\/div>\n\t\t<\/section>\n\t\t\t\t\t<\/div>\n\t\t<\/div>\n\t\t\t\t<div class=\"elementor-column elementor-col-66 elementor-top-column elementor-element elementor-element-26421954\" data-id=\"26421954\" data-element_type=\"column\" data-e-type=\"column\">\n\t\t\t<div class=\"elementor-widget-wrap elementor-element-populated\">\n\t\t\t\t\t\t<div class=\"elementor-element elementor-element-603fbaab elementor-widget elementor-widget-image\" data-id=\"603fbaab\" data-element_type=\"widget\" data-e-type=\"widget\" data-widget_type=\"image.default\">\n\t\t\t\t<div class=\"elementor-widget-container\">\n\t\t\t\t\t\t\t\t\t\t\t\t\t\t\t<img fetchpriority=\"high\" decoding=\"async\" width=\"1290\" height=\"550\" src=\"https:\/\/itmax.ma\/wp-content\/uploads\/2024\/10\/assistance.jpg\" class=\"attachment-full size-full wp-image-5998\" alt=\"\" srcset=\"https:\/\/itmax.ma\/wp-content\/uploads\/2024\/10\/assistance.jpg 1290w, https:\/\/itmax.ma\/wp-content\/uploads\/2024\/10\/assistance-300x128.jpg 300w, https:\/\/itmax.ma\/wp-content\/uploads\/2024\/10\/assistance-1024x437.jpg 1024w, https:\/\/itmax.ma\/wp-content\/uploads\/2024\/10\/assistance-768x327.jpg 768w, https:\/\/itmax.ma\/wp-content\/uploads\/2024\/10\/assistance-700x298.jpg 700w\" sizes=\"(max-width: 1290px) 100vw, 1290px\" \/>\t\t\t\t\t\t\t\t\t\t\t\t\t\t\t<\/div>\n\t\t\t\t<\/div>\n\t\t\t\t<div class=\"elementor-element elementor-element-38cbab9b elementor-position-below elementor-widget elementor-widget-heading\" data-id=\"38cbab9b\" data-element_type=\"widget\" data-e-type=\"widget\" data-widget_type=\"heading.default\">\n\t\t\t\t<div class=\"elementor-widget-container\">\n\t\t\t\t\t<div class=\"elementor-heading-wrapper\" ><div class=\"elementor-heading-wrapper-inner\"><h2 class=\"elementor-heading-title elementor-size-default\">IT MAX SARL<\/h2><\/div><\/div>\t\t\t\t<\/div>\n\t\t\t\t<\/div>\n\t\t\t\t<div class=\"elementor-element elementor-element-17147d9b elementor-widget elementor-widget-text-editor\" data-id=\"17147d9b\" data-element_type=\"widget\" data-e-type=\"widget\" data-widget_type=\"text-editor.default\">\n\t\t\t\t<div class=\"elementor-widget-container\">\n\t\t\t\t\t        <div class=\"elementor-text-editor elementor-clearfix\"><p><span style=\"color: #333333;\">Tout acqu\u00e9reur de la version courante de Madariss dispose d\u2019une <strong>ASSISTANCE GRATUITE<\/strong> tout au long de la 1<sup>\u00e9re<\/sup><span class=\"Apple-converted-space\">\u00a0<\/span>ann\u00e9e. Cette assistance est \u00e9galement accord\u00e9e via un espace client qui permet de b\u00e9n\u00e9ficier<span class=\"Apple-converted-space\">\u00a0<\/span>de fonctionnalit\u00e9s \u00e9tendues.<\/span><b><i><u><\/u><\/i><\/b><br \/><span style=\"color: #1d99cc;\"><strong>Un acc\u00e8s permanent :<\/strong><\/span><br \/><span style=\"color: #333333;\">Vous avez acc\u00e8s \u00e0 votre espace Client 24h sur 24 et 7 jours sur 7.<\/span><br \/><span style=\"color: #1d99cc;\"><strong>Un espace s\u00e9curis\u00e9 :<\/strong><\/span><br \/>Vous b\u00e9n\u00e9ficiez d\u2019un espace\u00a0 s\u00e9curis\u00e9 avec identifiant et mot de passe.<br \/><span style=\"color: #1d99cc;\"><strong>Un espace personnalis\u00e9 :<\/strong><\/span><br \/><span style=\"color: #333333;\">Vous acc\u00e9dez \u00e0 tous vos tickets en fonction de ce que vous avez s\u00e9lectionn\u00e9 et d\u2019un suivi personnalis\u00e9 au fil du temps.<\/span><br \/><span style=\"color: #333333;\">Vous pouvez effectuer toutes vos demandes en ligne (question, probl\u00e8me, bug, etc).<\/span><br \/><span style=\"color: #333333;\">Vous avez la possibilit\u00e9 de t\u00e9l\u00e9charger les mises \u00e0 jour, la documentation, et les utilitaires n\u00e9cessaires\u2026<\/span><br \/><span style=\"color: #333333;\">Vous disposez d\u2019un ensemble d\u2019informations sur les nouveaut\u00e9s du logiciel et m\u00e9me sur\u00a0<span class=\"Apple-converted-space\">\u00a0<\/span>les nouvelles versions<\/span><br \/><span style=\"color: #333333;\">Nos bureaux sont ouverts du lundi au vendredi de 9h00 \u00e0 12h30 et de 13h30 \u00e0 17h00 et le samedi de 9h00 \u00e0 12h30, dans les faits, les horaires d\u2019ouverture sont bien plus amples.<\/span><br \/><span style=\"color: #333333;\">Nous intervenons aussi en prise en main \u00e0 distance pour vous guider en cas de\u00a0<span style=\"font-size: 1rem; letter-spacing: 0px;\">probl\u00e8me.<\/span><\/span><\/p><p><span style=\"color: #333333;\">Dans tous les cas, il reste le<span class=\"Apple-converted-space\">\u00a0<\/span>support<span class=\"Apple-converted-space\">\u00a0<\/span>\u00a0central qui est consult\u00e9 toutes les cinq minutes au minimum<\/span><br \/><span style=\"color: #333333;\">Si vous avez des questions, merci de nous les transmettre. Elles seront pour nous une raison de vous apporter notre assistance et nous vous ferons profiter, en cas de besoin, de notre exp\u00e9rience.<\/span><\/p><\/div>\n        \t\t\t\t<\/div>\n\t\t\t\t<\/div>\n\t\t\t\t<section class=\"elementor-section elementor-inner-section elementor-element elementor-element-22f3255f elementor-section-boxed elementor-section-height-default elementor-section-height-default\" data-id=\"22f3255f\" data-element_type=\"section\" data-e-type=\"section\">\n\t\t\t\t\t\t<div class=\"elementor-container elementor-column-gap-no\">\n\t\t\t\t\t<div class=\"elementor-column elementor-col-50 elementor-inner-column elementor-element elementor-element-2425f24e\" data-id=\"2425f24e\" data-element_type=\"column\" data-e-type=\"column\">\n\t\t\t<div class=\"elementor-widget-wrap elementor-element-populated\">\n\t\t\t\t\t\t<div class=\"elementor-element elementor-element-5f201b0a elementor-widget elementor-widget-image\" data-id=\"5f201b0a\" data-element_type=\"widget\" data-e-type=\"widget\" data-widget_type=\"image.default\">\n\t\t\t\t<div class=\"elementor-widget-container\">\n\t\t\t\t\t\t\t\t\t\t\t\t\t\t\t<img decoding=\"async\" width=\"410\" height=\"230\" src=\"https:\/\/itmax.ma\/wp-content\/uploads\/2024\/10\/02-it-max.jpg\" class=\"attachment-full size-full wp-image-5929\" alt=\"\" srcset=\"https:\/\/itmax.ma\/wp-content\/uploads\/2024\/10\/02-it-max.jpg 410w, https:\/\/itmax.ma\/wp-content\/uploads\/2024\/10\/02-it-max-300x168.jpg 300w\" sizes=\"(max-width: 410px) 100vw, 410px\" \/>\t\t\t\t\t\t\t\t\t\t\t\t\t\t\t<\/div>\n\t\t\t\t<\/div>\n\t\t\t\t\t<\/div>\n\t\t<\/div>\n\t\t\t\t<div class=\"elementor-column elementor-col-50 elementor-inner-column elementor-element elementor-element-1215862c\" data-id=\"1215862c\" data-element_type=\"column\" data-e-type=\"column\">\n\t\t\t<div class=\"elementor-widget-wrap elementor-element-populated\">\n\t\t\t\t\t\t<div class=\"elementor-element elementor-element-48bf73e5 elementor-widget elementor-widget-image\" data-id=\"48bf73e5\" data-element_type=\"widget\" data-e-type=\"widget\" data-widget_type=\"image.default\">\n\t\t\t\t<div class=\"elementor-widget-container\">\n\t\t\t\t\t\t\t\t\t\t\t\t\t\t\t<img loading=\"lazy\" decoding=\"async\" width=\"410\" height=\"230\" src=\"https:\/\/itmax.ma\/wp-content\/uploads\/2024\/10\/03-it-max.jpg\" class=\"attachment-full size-full wp-image-5930\" alt=\"\" srcset=\"https:\/\/itmax.ma\/wp-content\/uploads\/2024\/10\/03-it-max.jpg 410w, https:\/\/itmax.ma\/wp-content\/uploads\/2024\/10\/03-it-max-300x168.jpg 300w\" sizes=\"(max-width: 410px) 100vw, 410px\" \/>\t\t\t\t\t\t\t\t\t\t\t\t\t\t\t<\/div>\n\t\t\t\t<\/div>\n\t\t\t\t\t<\/div>\n\t\t<\/div>\n\t\t\t\t\t<\/div>\n\t\t<\/section>\n\t\t\t\t\t<\/div>\n\t\t<\/div>\n\t\t\t\t\t<\/div>\n\t\t<\/section>\n\t\t\t\t<\/div>\n\t\t","protected":false},"excerpt":{"rendered":"<p>Votre Guide Complet Assistance Besoin d&rsquo;aide ? Cliquez ici Formation Besoin d&rsquo;aide ? Cliquez ici Comment pouvons-nous vous aider? (+212) 537 68 60 47 (+212) 537 77 09 17 (+212) 537 77 95 81 (+212) 661 14 54 71 Mail: Contact@itmax.ma Facebook Twitter Instagram Linkedin IT MAX SARL Tout acqu\u00e9reur de la version courante de &hellip; <\/p>\n<p class=\"more-link-wrap\"><a href=\"https:\/\/itmax.ma\/index.php\/assistance\/\" class=\"more-link\"><span>Read More<span class=\"screen-reader-text\"> \u00ab\u00a0Assistance\u00a0\u00bb<\/span><\/span><i class=\"opal-icon-arrow-right\" aria-hidden=\"true\"><\/i><\/a><\/p>\n","protected":false},"author":1,"featured_media":0,"parent":0,"menu_order":0,"comment_status":"closed","ping_status":"closed","template":"","meta":{"inline_featured_image":false,"footnotes":""},"class_list":["post-5808","page","type-page","status-publish","hentry"],"aioseo_notices":[],"_links":{"self":[{"href":"https:\/\/itmax.ma\/index.php\/wp-json\/wp\/v2\/pages\/5808","targetHints":{"allow":["GET"]}}],"collection":[{"href":"https:\/\/itmax.ma\/index.php\/wp-json\/wp\/v2\/pages"}],"about":[{"href":"https:\/\/itmax.ma\/index.php\/wp-json\/wp\/v2\/types\/page"}],"author":[{"embeddable":true,"href":"https:\/\/itmax.ma\/index.php\/wp-json\/wp\/v2\/users\/1"}],"replies":[{"embeddable":true,"href":"https:\/\/itmax.ma\/index.php\/wp-json\/wp\/v2\/comments?post=5808"}],"version-history":[{"count":19,"href":"https:\/\/itmax.ma\/index.php\/wp-json\/wp\/v2\/pages\/5808\/revisions"}],"predecessor-version":[{"id":6596,"href":"https:\/\/itmax.ma\/index.php\/wp-json\/wp\/v2\/pages\/5808\/revisions\/6596"}],"wp:attachment":[{"href":"https:\/\/itmax.ma\/index.php\/wp-json\/wp\/v2\/media?parent=5808"}],"curies":[{"name":"wp","href":"https:\/\/api.w.org\/{rel}","templated":true}]}}