{"id":5879,"date":"2024-10-17T13:11:00","date_gmt":"2024-10-17T13:11:00","guid":{"rendered":"https:\/\/itmax.ma\/?page_id=5879"},"modified":"2024-11-25T14:49:04","modified_gmt":"2024-11-25T14:49:04","slug":"nos-partenaires","status":"publish","type":"page","link":"https:\/\/itmax.ma\/index.php\/nos-partenaires\/","title":{"rendered":"Nos Partenaires"},"content":{"rendered":"\t\t<div data-elementor-type=\"wp-page\" data-elementor-id=\"5879\" class=\"elementor elementor-5879\">\n\t\t\t\t\t\t<section class=\"elementor-section elementor-top-section elementor-element elementor-element-767532a9 elementor-section-stretched elementor-section-boxed elementor-section-height-default elementor-section-height-default\" data-id=\"767532a9\" data-element_type=\"section\" data-e-type=\"section\" data-settings=\"{&quot;stretch_section&quot;:&quot;section-stretched&quot;}\">\n\t\t\t\t\t\t<div class=\"elementor-container elementor-column-gap-no\">\n\t\t\t\t\t<div class=\"elementor-column elementor-col-33 elementor-top-column elementor-element elementor-element-168412f2\" data-id=\"168412f2\" data-element_type=\"column\" data-e-type=\"column\">\n\t\t\t<div class=\"elementor-widget-wrap elementor-element-populated\">\n\t\t\t\t\t\t<section class=\"elementor-section elementor-inner-section elementor-element elementor-element-6ea738f elementor-section-height-min-height elementor-section-boxed elementor-section-height-default\" data-id=\"6ea738f\" data-element_type=\"section\" data-e-type=\"section\" data-settings=\"{&quot;background_background&quot;:&quot;classic&quot;}\">\n\t\t\t\t\t\t<div class=\"elementor-container elementor-column-gap-no\">\n\t\t\t\t\t<div class=\"elementor-column elementor-col-100 elementor-inner-column elementor-element elementor-element-79fc896c\" data-id=\"79fc896c\" data-element_type=\"column\" data-e-type=\"column\">\n\t\t\t<div class=\"elementor-widget-wrap elementor-element-populated\">\n\t\t\t\t\t\t<div class=\"elementor-element elementor-element-3586d8c7 elementor-nav-menu__align-left elementor-nav-menu--indicator-none elementor-widget elementor-widget-opal-nav-menu\" data-id=\"3586d8c7\" data-element_type=\"widget\" data-e-type=\"widget\" data-settings=\"{&quot;layout&quot;:&quot;vertical&quot;}\" data-widget_type=\"opal-nav-menu.default\">\n\t\t\t\t<div class=\"elementor-widget-container\">\n\t\t\t\t\t        <nav data-subMenusMinWidth=\"260\" data-subMenusMaxWidth=\"500\" class=\"elementor-nav-menu--main elementor-nav-menu__container elementor-nav-menu--layout-vertical e--pointer-dot e--animation-fade\">\n\t\t\t<ul id=\"menu-2-3586d8c7\" class=\"elementor-nav-menu\"><li class=\"menu-item menu-item-type-post_type menu-item-object-page menu-item-5745\"><a href=\"https:\/\/itmax.ma\/index.php\/about-us\/\" class=\"elementor-item\">Qui somme nous<\/a><\/li>\n<li class=\"menu-item menu-item-type-post_type menu-item-object-page menu-item-5744\"><a href=\"https:\/\/itmax.ma\/index.php\/nos-services\/\" class=\"elementor-item\">Nos services<\/a><\/li>\n<li class=\"menu-item menu-item-type-post_type menu-item-object-page menu-item-5735\"><a href=\"https:\/\/itmax.ma\/index.php\/madariss\/\" class=\"elementor-item\">Madariss<\/a><\/li>\n<li class=\"menu-item menu-item-type-post_type menu-item-object-page menu-item-5734\"><a href=\"https:\/\/itmax.ma\/index.php\/emadariss\/\" class=\"elementor-item\">eMadariss<\/a><\/li>\n<li class=\"menu-item menu-item-type-post_type menu-item-object-page menu-item-5733\"><a href=\"https:\/\/itmax.ma\/index.php\/emadariss-mobile\/\" class=\"elementor-item\">eMadariss Mobile<\/a><\/li>\n<li class=\"menu-item menu-item-type-post_type menu-item-object-page menu-item-5732\"><a href=\"https:\/\/itmax.ma\/index.php\/sms\/\" class=\"elementor-item\">SMS<\/a><\/li>\n<li class=\"menu-item menu-item-type-post_type menu-item-object-page menu-item-5749\"><a href=\"https:\/\/itmax.ma\/index.php\/mission-valeurs\/\" class=\"elementor-item\">Mission &#038; Valeurs<\/a><\/li>\n<li class=\"menu-item menu-item-type-post_type menu-item-object-page menu-item-5748\"><a href=\"https:\/\/itmax.ma\/index.php\/faqs\/\" class=\"elementor-item\">FAQs<\/a><\/li>\n<li class=\"menu-item menu-item-type-post_type menu-item-object-page menu-item-5747\"><a href=\"https:\/\/itmax.ma\/index.php\/contact\/\" class=\"elementor-item\">Contact<\/a><\/li>\n<\/ul>        <\/nav>\n\t\t\t\t\t\t<\/div>\n\t\t\t\t<\/div>\n\t\t\t\t\t<\/div>\n\t\t<\/div>\n\t\t\t\t\t<\/div>\n\t\t<\/section>\n\t\t\t\t<section class=\"elementor-section elementor-inner-section elementor-element elementor-element-2e6fa765 elementor-section-boxed elementor-section-height-default elementor-section-height-default\" data-id=\"2e6fa765\" data-element_type=\"section\" data-e-type=\"section\" data-settings=\"{&quot;background_background&quot;:&quot;classic&quot;}\">\n\t\t\t\t\t\t<div class=\"elementor-container elementor-column-gap-no\">\n\t\t\t\t\t<div class=\"elementor-column elementor-col-100 elementor-inner-column elementor-element elementor-element-7cb1c3ea\" data-id=\"7cb1c3ea\" data-element_type=\"column\" data-e-type=\"column\">\n\t\t\t<div class=\"elementor-widget-wrap elementor-element-populated\">\n\t\t\t\t\t\t<div class=\"elementor-element elementor-element-33459110 elementor-position-below elementor-widget elementor-widget-heading\" data-id=\"33459110\" data-element_type=\"widget\" data-e-type=\"widget\" data-widget_type=\"heading.default\">\n\t\t\t\t<div class=\"elementor-widget-container\">\n\t\t\t\t\t<div class=\"elementor-heading-wrapper\" ><div class=\"elementor-heading-wrapper-inner\"><h2 class=\"elementor-heading-title elementor-size-default\">Votre Guide Complet\n<\/h2><\/div><\/div>\t\t\t\t<\/div>\n\t\t\t\t<\/div>\n\t\t\t\t<div class=\"elementor-element elementor-element-9a1718e elementor-position-left elementor-view-default elementor-vertical-align-top elementor-widget elementor-widget-icon-box\" data-id=\"9a1718e\" data-element_type=\"widget\" data-e-type=\"widget\" data-widget_type=\"icon-box.default\">\n\t\t\t\t<div class=\"elementor-widget-container\">\n\t\t\t\t\t        <div class=\"elementor-icon-box-wrapper\">\n                            <div class=\"elementor-icon-box-icon\">\n                    <a class=\"elementor-icon elementor-animation-\" href=\"#\">\n                        <i class=\"opal-icon-it-consultancy-2\" aria-hidden=\"true\"><\/i>\n                    <\/a>\n                <\/div>\n            \n            <div class=\"elementor-icon-box-content\">\n                <div class=\"elementor-icon-header\">\n                                        <div class=\"elementor-icon-header-inner\">\n                        \n                        <h6 class=\"elementor-icon-box-title\">\n                            <a href=\"#\">\n                                Assistance                            <\/a>\n                        <\/h6>\n                    <\/div>\n                <\/div>\n                                    <p class=\"elementor-icon-box-description\"><a herf=\"#\">Besoin d'aide ? Cliquez ici <\/a><\/p>\n                             <\/div>\n                    <\/div>\n        \t\t\t\t<\/div>\n\t\t\t\t<\/div>\n\t\t\t\t<div class=\"elementor-element elementor-element-6e882500 elementor-position-left elementor-view-default elementor-vertical-align-top elementor-widget elementor-widget-icon-box\" data-id=\"6e882500\" data-element_type=\"widget\" data-e-type=\"widget\" data-widget_type=\"icon-box.default\">\n\t\t\t\t<div class=\"elementor-widget-container\">\n\t\t\t\t\t        <div class=\"elementor-icon-box-wrapper\">\n                            <div class=\"elementor-icon-box-icon\">\n                    <a class=\"elementor-icon elementor-animation-\" href=\"#\">\n                        <i class=\"opal-icon-quality-services\" aria-hidden=\"true\"><\/i>\n                    <\/a>\n                <\/div>\n            \n            <div class=\"elementor-icon-box-content\">\n                <div class=\"elementor-icon-header\">\n                                        <div class=\"elementor-icon-header-inner\">\n                        \n                        <h6 class=\"elementor-icon-box-title\">\n                            <a href=\"#\">\n                                Formation                            <\/a>\n                        <\/h6>\n                    <\/div>\n                <\/div>\n                                    <p class=\"elementor-icon-box-description\"><a herf=\"#\">Besoin d'aide ? Cliquez ici <\/a><\/p>\n                             <\/div>\n                    <\/div>\n        \t\t\t\t<\/div>\n\t\t\t\t<\/div>\n\t\t\t\t\t<\/div>\n\t\t<\/div>\n\t\t\t\t\t<\/div>\n\t\t<\/section>\n\t\t\t\t<section class=\"elementor-section elementor-inner-section elementor-element elementor-element-44542c59 elementor-section-height-min-height elementor-section-boxed elementor-section-height-default\" data-id=\"44542c59\" data-element_type=\"section\" data-e-type=\"section\" data-settings=\"{&quot;background_background&quot;:&quot;classic&quot;}\">\n\t\t\t\t\t\t<div class=\"elementor-container elementor-column-gap-no\">\n\t\t\t\t\t<div class=\"elementor-column elementor-col-100 elementor-inner-column elementor-element elementor-element-787de353\" data-id=\"787de353\" data-element_type=\"column\" data-e-type=\"column\">\n\t\t\t<div class=\"elementor-widget-wrap elementor-element-populated\">\n\t\t\t\t\t\t<div class=\"elementor-element elementor-element-6fefc7ff elementor-position-top elementor-widget elementor-widget-image-box\" data-id=\"6fefc7ff\" data-element_type=\"widget\" data-e-type=\"widget\" data-widget_type=\"image-box.default\">\n\t\t\t\t<div class=\"elementor-widget-container\">\n\t\t\t\t\t<div class=\"elementor-image-box-wrapper\"><div class=\"elementor-image-framed\"><figure class=\"elementor-image-box-img\"><img decoding=\"async\" width=\"150\" height=\"150\" src=\"https:\/\/itmax.ma\/wp-content\/uploads\/2024\/10\/SUPPORT-02-150x150.jpg\" class=\"attachment-thumbnail size-thumbnail wp-image-5649\" alt=\"\" srcset=\"https:\/\/itmax.ma\/wp-content\/uploads\/2024\/10\/SUPPORT-02-150x150.jpg 150w, https:\/\/itmax.ma\/wp-content\/uploads\/2024\/10\/SUPPORT-02-100x100.jpg 100w\" sizes=\"(max-width: 150px) 100vw, 150px\" \/><\/figure><\/div><div class=\"elementor-image-box-content\"><h3 class=\"elementor-image-box-title\">Comment pouvons-nous vous aider?<\/h3><p class=\"elementor-image-box-description\">\n(+212) 537 68 60 47 <\/br>\n\n(+212) 537 77 09 17  <\/br>\n\n(+212) 537 77 95 81  <\/br>\n\n(+212) 661 14 54 71 <br\/>\nMail: Contact@itmax.ma<\/p><\/div><\/div>\t\t\t\t<\/div>\n\t\t\t\t<\/div>\n\t\t\t\t<div class=\"elementor-element elementor-element-98104e3 elementor-shape-circle elementor-social-custom elementor-widget elementor-widget-social-icons\" data-id=\"98104e3\" data-element_type=\"widget\" data-e-type=\"widget\" data-widget_type=\"social-icons.default\">\n\t\t\t\t<div class=\"elementor-widget-container\">\n\t\t\t\t\t\t\t<div class=\"elementor-social-icons-wrapper\">\n\t\t\t\t\t\t\t<a class=\"elementor-icon elementor-social-icon elementor-social-icon-facebook\" href=\"\" target=\"_blank\">\n\t\t\t\t\t<span class=\"elementor-screen-only\">Facebook<\/span>\n\t\t\t\t\t<i class=\"fa fa-facebook\"><\/i>\n\t\t\t\t<\/a>\n\t\t\t\t\t\t\t<a class=\"elementor-icon elementor-social-icon elementor-social-icon-twitter\" href=\"\" target=\"_blank\">\n\t\t\t\t\t<span class=\"elementor-screen-only\">Twitter<\/span>\n\t\t\t\t\t<i class=\"fa fa-twitter\"><\/i>\n\t\t\t\t<\/a>\n\t\t\t\t\t\t\t<a class=\"elementor-icon elementor-social-icon elementor-social-icon-instagram\" href=\"\" target=\"_blank\">\n\t\t\t\t\t<span class=\"elementor-screen-only\">Instagram<\/span>\n\t\t\t\t\t<i class=\"fa fa-instagram\"><\/i>\n\t\t\t\t<\/a>\n\t\t\t\t\t\t\t<a class=\"elementor-icon elementor-social-icon elementor-social-icon-linkedin\" href=\"\" target=\"_blank\">\n\t\t\t\t\t<span class=\"elementor-screen-only\">Linkedin<\/span>\n\t\t\t\t\t<i class=\"fa fa-linkedin\"><\/i>\n\t\t\t\t<\/a>\n\t\t\t\t\t<\/div>\n\t\t\t\t\t\t<\/div>\n\t\t\t\t<\/div>\n\t\t\t\t\t<\/div>\n\t\t<\/div>\n\t\t\t\t\t<\/div>\n\t\t<\/section>\n\t\t\t\t\t<\/div>\n\t\t<\/div>\n\t\t\t\t<div class=\"elementor-column elementor-col-66 elementor-top-column elementor-element elementor-element-105bc607\" data-id=\"105bc607\" data-element_type=\"column\" data-e-type=\"column\">\n\t\t\t<div class=\"elementor-widget-wrap elementor-element-populated\">\n\t\t\t\t\t\t<div class=\"elementor-element elementor-element-76e869b5 elementor-widget elementor-widget-image\" data-id=\"76e869b5\" data-element_type=\"widget\" data-e-type=\"widget\" data-widget_type=\"image.default\">\n\t\t\t\t<div class=\"elementor-widget-container\">\n\t\t\t\t\t\t\t\t\t\t\t\t\t\t\t<img fetchpriority=\"high\" decoding=\"async\" width=\"1290\" height=\"550\" src=\"https:\/\/itmax.ma\/wp-content\/uploads\/2024\/10\/partenaires.jpg\" class=\"attachment-full size-full wp-image-5932\" alt=\"\" srcset=\"https:\/\/itmax.ma\/wp-content\/uploads\/2024\/10\/partenaires.jpg 1290w, https:\/\/itmax.ma\/wp-content\/uploads\/2024\/10\/partenaires-300x128.jpg 300w, https:\/\/itmax.ma\/wp-content\/uploads\/2024\/10\/partenaires-1024x437.jpg 1024w, https:\/\/itmax.ma\/wp-content\/uploads\/2024\/10\/partenaires-768x327.jpg 768w, https:\/\/itmax.ma\/wp-content\/uploads\/2024\/10\/partenaires-700x298.jpg 700w\" sizes=\"(max-width: 1290px) 100vw, 1290px\" \/>\t\t\t\t\t\t\t\t\t\t\t\t\t\t\t<\/div>\n\t\t\t\t<\/div>\n\t\t\t\t<div class=\"elementor-element elementor-element-5aef434b elementor-widget elementor-widget-text-editor\" data-id=\"5aef434b\" data-element_type=\"widget\" data-e-type=\"widget\" data-widget_type=\"text-editor.default\">\n\t\t\t\t<div class=\"elementor-widget-container\">\n\t\t\t\t\t        <div class=\"elementor-text-editor elementor-clearfix\"><div class=\"bt_bb_text\"><p>IT MAX a d\u00e9velopp\u00e9 une politique de partenariats pour augmenter sa qualit\u00e9 de service, \u00e9tendre ses volumes de d\u00e9veloppement, et \u00e9largir son portefeuille client.<\/p><h3>Partenaires<\/h3><\/div><header class=\"bt_bb_headline bt_bb_dash_none bt_bb_size_medium bt_bb_superheadline bt_bb_align_inherit\"><h3><span class=\"bt_bb_headline_content\" style=\"color: #1d99cc;\"><b>ECAM<\/b><\/span><\/h3><\/header><div class=\"bt_bb_text\"><p>La concertation et la coordination avec le groupe\u00a0<strong>ECAM<\/strong>\u00a0sont des leviers essentiels \u00e0\u00a0l\u2019efficacit\u00e9\u00a0 et \u00e0 la pertinence de nos produits. Grace \u00e0 des \u00e9changes communs et \u00e0 la synergie de notre \u00e9quipe nous arrivons \u00e0 d\u00e9velopper la qualit\u00e9 du produit ainsi que du service<\/p><\/div><\/div>\n        \t\t\t\t<\/div>\n\t\t\t\t<\/div>\n\t\t\t\t<section class=\"elementor-section elementor-inner-section elementor-element elementor-element-58fe5ef5 elementor-section-boxed elementor-section-height-default elementor-section-height-default\" data-id=\"58fe5ef5\" data-element_type=\"section\" data-e-type=\"section\">\n\t\t\t\t\t\t<div class=\"elementor-container elementor-column-gap-no\">\n\t\t\t\t\t<div class=\"elementor-column elementor-col-50 elementor-inner-column elementor-element elementor-element-cd2fbdc\" data-id=\"cd2fbdc\" data-element_type=\"column\" data-e-type=\"column\">\n\t\t\t<div class=\"elementor-widget-wrap elementor-element-populated\">\n\t\t\t\t\t\t<div class=\"elementor-element elementor-element-72aaf8df elementor-widget elementor-widget-image\" data-id=\"72aaf8df\" data-element_type=\"widget\" data-e-type=\"widget\" data-widget_type=\"image.default\">\n\t\t\t\t<div class=\"elementor-widget-container\">\n\t\t\t\t\t\t\t\t\t\t\t\t\t\t\t<img decoding=\"async\" width=\"410\" height=\"230\" src=\"https:\/\/itmax.ma\/wp-content\/uploads\/2024\/10\/03-it-max.jpg\" class=\"attachment-full size-full wp-image-5930\" alt=\"\" srcset=\"https:\/\/itmax.ma\/wp-content\/uploads\/2024\/10\/03-it-max.jpg 410w, https:\/\/itmax.ma\/wp-content\/uploads\/2024\/10\/03-it-max-300x168.jpg 300w\" sizes=\"(max-width: 410px) 100vw, 410px\" \/>\t\t\t\t\t\t\t\t\t\t\t\t\t\t\t<\/div>\n\t\t\t\t<\/div>\n\t\t\t\t\t<\/div>\n\t\t<\/div>\n\t\t\t\t<div class=\"elementor-column elementor-col-50 elementor-inner-column elementor-element elementor-element-50a451dd\" data-id=\"50a451dd\" data-element_type=\"column\" data-e-type=\"column\">\n\t\t\t<div class=\"elementor-widget-wrap elementor-element-populated\">\n\t\t\t\t\t\t<div class=\"elementor-element elementor-element-1c6ae0aa elementor-widget elementor-widget-image\" data-id=\"1c6ae0aa\" data-element_type=\"widget\" data-e-type=\"widget\" data-widget_type=\"image.default\">\n\t\t\t\t<div class=\"elementor-widget-container\">\n\t\t\t\t\t\t\t\t\t\t\t\t\t\t\t<img loading=\"lazy\" decoding=\"async\" width=\"410\" height=\"230\" src=\"https:\/\/itmax.ma\/wp-content\/uploads\/2024\/10\/02-it-max.jpg\" class=\"attachment-full size-full wp-image-5929\" alt=\"\" srcset=\"https:\/\/itmax.ma\/wp-content\/uploads\/2024\/10\/02-it-max.jpg 410w, https:\/\/itmax.ma\/wp-content\/uploads\/2024\/10\/02-it-max-300x168.jpg 300w\" sizes=\"(max-width: 410px) 100vw, 410px\" \/>\t\t\t\t\t\t\t\t\t\t\t\t\t\t\t<\/div>\n\t\t\t\t<\/div>\n\t\t\t\t\t<\/div>\n\t\t<\/div>\n\t\t\t\t\t<\/div>\n\t\t<\/section>\n\t\t\t\t<section class=\"elementor-section elementor-inner-section elementor-element elementor-element-19fc39ea elementor-section-boxed elementor-section-height-default elementor-section-height-default\" data-id=\"19fc39ea\" data-element_type=\"section\" data-e-type=\"section\">\n\t\t\t\t\t\t<div class=\"elementor-container elementor-column-gap-no\">\n\t\t\t\t\t<div class=\"elementor-column elementor-col-33 elementor-inner-column elementor-element elementor-element-1478b6e5\" data-id=\"1478b6e5\" data-element_type=\"column\" data-e-type=\"column\">\n\t\t\t<div class=\"elementor-widget-wrap elementor-element-populated\">\n\t\t\t\t\t\t<div class=\"elementor-element elementor-element-366f14f6 elementor-position-center elementor-alignment-center elementor-vertical-align-top elementor-widget elementor-widget-counter\" data-id=\"366f14f6\" data-element_type=\"widget\" data-e-type=\"widget\" data-widget_type=\"counter.default\">\n\t\t\t\t<div class=\"elementor-widget-container\">\n\t\t\t\t\t        <div class=\"elementor-counter\">\n                        <div class=\"elementor-counter-wrapper\">\n                <div class=\"elementor-counter-number-wrapper\">\n                    <span class=\"elementor-counter-number-prefix\"><\/span>\n                    <span class=\"elementor-counter-number\" data-duration=\"2000\" data-to-value=\"25\" data-delimiter=\",\">1<\/span>\n                    <span class=\"elementor-counter-number-suffix\"><\/span>\n                <\/div>\n\n                <div class=\"elementor-counter-title-wrap\">\n                                            <div class=\"elementor-counter-title\">Ann\u00e9es d'exp\u00e9rience<\/div>\n                                                                                    <div class=\"elementor-counter-description\">Nous d\u00e9veloppons des applications PERFORMANTES, alliant INNOVATION et CONVIVIALITE sp\u00e9ciales pour les \u00e9coles priv\u00e9es et \u00e9coles sup\u00e9rieures.<\/div>\n                                    <\/div>\n            <\/div>\n        <\/div>\n        \t\t\t\t<\/div>\n\t\t\t\t<\/div>\n\t\t\t\t\t<\/div>\n\t\t<\/div>\n\t\t\t\t<div class=\"elementor-column elementor-col-33 elementor-inner-column elementor-element elementor-element-52829d54\" data-id=\"52829d54\" data-element_type=\"column\" data-e-type=\"column\">\n\t\t\t<div class=\"elementor-widget-wrap elementor-element-populated\">\n\t\t\t\t\t\t<div class=\"elementor-element elementor-element-7f9db44a elementor-position-center elementor-alignment-center elementor-vertical-align-top elementor-widget elementor-widget-counter\" data-id=\"7f9db44a\" data-element_type=\"widget\" data-e-type=\"widget\" data-widget_type=\"counter.default\">\n\t\t\t\t<div class=\"elementor-widget-container\">\n\t\t\t\t\t        <div class=\"elementor-counter\">\n                        <div class=\"elementor-counter-wrapper\">\n                <div class=\"elementor-counter-number-wrapper\">\n                    <span class=\"elementor-counter-number-prefix\">+<\/span>\n                    <span class=\"elementor-counter-number\" data-duration=\"2000\" data-to-value=\"965\" data-delimiter=\",\">600<\/span>\n                    <span class=\"elementor-counter-number-suffix\"><\/span>\n                <\/div>\n\n                <div class=\"elementor-counter-title-wrap\">\n                                            <div class=\"elementor-counter-title\">Ecoles<\/div>\n                                                                                    <div class=\"elementor-counter-description\">+ De 965 \u00e9coles sont satisfaites et ont fait confiance.\n<\/div>\n                                    <\/div>\n            <\/div>\n        <\/div>\n        \t\t\t\t<\/div>\n\t\t\t\t<\/div>\n\t\t\t\t\t<\/div>\n\t\t<\/div>\n\t\t\t\t<div class=\"elementor-column elementor-col-33 elementor-inner-column elementor-element elementor-element-d49c427\" data-id=\"d49c427\" data-element_type=\"column\" data-e-type=\"column\">\n\t\t\t<div class=\"elementor-widget-wrap elementor-element-populated\">\n\t\t\t\t\t\t<div class=\"elementor-element elementor-element-3d995b3d elementor-position-center elementor-alignment-center elementor-vertical-align-top elementor-widget elementor-widget-counter\" data-id=\"3d995b3d\" data-element_type=\"widget\" data-e-type=\"widget\" data-widget_type=\"counter.default\">\n\t\t\t\t<div class=\"elementor-widget-container\">\n\t\t\t\t\t        <div class=\"elementor-counter\">\n                        <div class=\"elementor-counter-wrapper\">\n                <div class=\"elementor-counter-number-wrapper\">\n                    <span class=\"elementor-counter-number-prefix\">+<\/span>\n                    <span class=\"elementor-counter-number\" data-duration=\"2000\" data-to-value=\"65\" data-delimiter=\",\">10<\/span>\n                    <span class=\"elementor-counter-number-suffix\"><\/span>\n                <\/div>\n\n                <div class=\"elementor-counter-title-wrap\">\n                                            <div class=\"elementor-counter-title\">Villes<\/div>\n                                                                                    <div class=\"elementor-counter-description\">Nexsoft est pr\u00e9sente dans plus de 65 villes du Maroc, son d\u00e9veloppement s\u2019est appuy\u00e9 gr\u00e2ce \u00e0 la haute participation et demande de 965 clients .<\/div>\n                                    <\/div>\n            <\/div>\n        <\/div>\n        \t\t\t\t<\/div>\n\t\t\t\t<\/div>\n\t\t\t\t\t<\/div>\n\t\t<\/div>\n\t\t\t\t\t<\/div>\n\t\t<\/section>\n\t\t\t\t\t<\/div>\n\t\t<\/div>\n\t\t\t\t\t<\/div>\n\t\t<\/section>\n\t\t\t\t<\/div>\n\t\t","protected":false},"excerpt":{"rendered":"<p>Votre Guide Complet Assistance Besoin d&rsquo;aide ? Cliquez ici Formation Besoin d&rsquo;aide ? Cliquez ici Comment pouvons-nous vous aider? (+212) 537 68 60 47 (+212) 537 77 09 17 (+212) 537 77 95 81 (+212) 661 14 54 71 Mail: Contact@itmax.ma Facebook Twitter Instagram Linkedin IT MAX a d\u00e9velopp\u00e9 une politique de partenariats pour augmenter &hellip; <\/p>\n<p class=\"more-link-wrap\"><a href=\"https:\/\/itmax.ma\/index.php\/nos-partenaires\/\" class=\"more-link\"><span>Read More<span class=\"screen-reader-text\"> \u00ab\u00a0Nos Partenaires\u00a0\u00bb<\/span><\/span><i class=\"opal-icon-arrow-right\" aria-hidden=\"true\"><\/i><\/a><\/p>\n","protected":false},"author":1,"featured_media":0,"parent":0,"menu_order":0,"comment_status":"closed","ping_status":"closed","template":"","meta":{"inline_featured_image":false,"footnotes":""},"class_list":["post-5879","page","type-page","status-publish","hentry"],"aioseo_notices":[],"_links":{"self":[{"href":"https:\/\/itmax.ma\/index.php\/wp-json\/wp\/v2\/pages\/5879","targetHints":{"allow":["GET"]}}],"collection":[{"href":"https:\/\/itmax.ma\/index.php\/wp-json\/wp\/v2\/pages"}],"about":[{"href":"https:\/\/itmax.ma\/index.php\/wp-json\/wp\/v2\/types\/page"}],"author":[{"embeddable":true,"href":"https:\/\/itmax.ma\/index.php\/wp-json\/wp\/v2\/users\/1"}],"replies":[{"embeddable":true,"href":"https:\/\/itmax.ma\/index.php\/wp-json\/wp\/v2\/comments?post=5879"}],"version-history":[{"count":16,"href":"https:\/\/itmax.ma\/index.php\/wp-json\/wp\/v2\/pages\/5879\/revisions"}],"predecessor-version":[{"id":6608,"href":"https:\/\/itmax.ma\/index.php\/wp-json\/wp\/v2\/pages\/5879\/revisions\/6608"}],"wp:attachment":[{"href":"https:\/\/itmax.ma\/index.php\/wp-json\/wp\/v2\/media?parent=5879"}],"curies":[{"name":"wp","href":"https:\/\/api.w.org\/{rel}","templated":true}]}}